{"id":14,"date":"2023-09-17T21:39:08","date_gmt":"2023-09-17T12:39:08","guid":{"rendered":"https:\/\/okano-hiroshima.jp\/recruit\/?page_id=14"},"modified":"2026-03-30T15:08:18","modified_gmt":"2026-03-30T06:08:18","slug":"about","status":"publish","type":"page","link":"https:\/\/okano-hiroshima.jp\/recruit\/about\/","title":{"rendered":"\u5ca1\u91ce\u6cd5\u5f8b\u4e8b\u52d9\u6240\u306b\u3064\u3044\u3066"},"content":{"rendered":"\n<div class=\"swell-block-fullWide pc-py-20 sp-py-20 has-bg-img -fixbg alignfull lazyload\" style=\"background-color:rgba(0, 0, 0, 0.67)\" data-bg=\"https:\/\/okano-hiroshima.jp\/recruit\/wp-content\/uploads\/2023\/09\/DSC_8544-1024x576-1.jpeg\"><div class=\"swell-block-fullWide__inner l-article\">\n<h2 class=\"wp-block-heading is-style-section_ttl has-white-color has-text-color has-large-font-size\"><span class=\"swl-fz u-fz-l\">\u300c\u50cd\u304f\u4eba\u300d\u304c\u5e78\u305b\u3058\u3083\u306a\u3044\u3068<br>\u300c\u9867\u5ba2\u300d\u3092\u5e78\u305b\u306b\u306f\u3067\u304d\u306a\u3044<\/span><\/h2>\n\n\n\n<p class=\"has-white-color has-text-color\">\u6cd5\u5f8b\u4e8b\u52d9\u6240\u306b\u6765\u6240\u3055\u308c\u308b\u65b9\u306f\u300c\u501f\u91d1\u554f\u984c\u300d\u300c\u7537\u5973\u30c8\u30e9\u30d6\u30eb\u300d\u300c\u76f8\u7d9a\u554f\u984c\u300d\u306a\u3069\u7d1b\u4e89\u306e\u771f\u3063\u53ea\u4e2d\u306b\u3044\u307e\u3059\u3002\u4e0d\u5b89\u3092\u62b1\u3048\u308b\u9867\u5ba2\u3068\u771f\u3063\u6b63\u9762\u304b\u3089\u5411\u304d\u5408\u3063\u3066\u3044\u308b\u3068\u3001\u81ea\u5206\u81ea\u8eab\u304c\u843d\u3061\u8fbc\u3093\u3067\u3057\u307e\u3046\u3053\u3068\u3082\u5c11\u306a\u304f\u3042\u308a\u307e\u305b\u3093\u3002<\/p>\n\n\n\n<p class=\"has-white-color has-text-color\">\u305d\u3093\u306a\u696d\u7a2e\u3060\u304b\u3089\u3053\u305d\u3001\u5ca1\u91ce\u6cd5\u5f8b\u4e8b\u52d9\u6240\u3067\u306f\u300c\u50cd\u304f\u4eba\u300d\u304c\u697d\u3057\u304f\u5e78\u305b\u3067\u3042\u308b\u3053\u3068\u3092\u91cd\u8996\u3057\u3066\u3044\u307e\u3059\u3002\u5f85\u9047\u9762\u306f\u3082\u3061\u308d\u3093\u306e\u3053\u3068\u3001\u4f55\u3088\u308a\u3082\u5927\u4e8b\u306a\u306e\u306f\u4e00\u7dd2\u306b\u50cd\u304f\u4ef2\u9593\u304c\u5143\u6c17\u3067\u30dd\u30b8\u30c6\u30a3\u30d6\u306a\u3053\u3068\u3002\u4e00\u4eba\u3067\u306f\u843d\u3061\u8fbc\u3093\u3067\u3057\u307e\u3046\u72b6\u6cc1\u3067\u3082\u3001\u4ef2\u9593\u3068\u4e00\u7dd2\u306a\u3089\u524d\u5411\u304d\u306b\u4e57\u308a\u8d8a\u3048\u3066\u3044\u3051\u307e\u3059\u3002<\/p>\n\n\n\n<p class=\"has-white-color has-text-color\">\u300c\u9867\u5ba2\u300d\u3092\u5e78\u305b\u306b\u3059\u308b\u305f\u3081\u306b\u306f\u3001\u307e\u305a\u4f55\u3088\u308a\u3082\u300c\u50cd\u304f\u79c1\u305f\u3061\u300d\u304c\u660e\u308b\u304f\u30dd\u30b8\u30c6\u30a3\u30d6\u3067\u3044\u3089\u308c\u308b\u74b0\u5883\u3092\u4f5c\u308b\u306e\u304c\u4e00\u756a\u3002\u305d\u306e\u3088\u3046\u306a\u8003\u3048\u65b9\u3092\u5ca1\u91ce\u6cd5\u5f8b\u4e8b\u52d9\u6240\u306f\u5927\u5207\u306b\u3057\u3066\u3044\u307e\u3059\u3002<\/p>\n<\/div><\/div>\n\n\n\n<div class=\"alignwide swell-block-columns\" style=\"--clmn-w--pc:33.33%;--clmn-w--mobile:50%\"><div class=\"swell-block-columns__inner\">\n<div class=\"swell-block-column swl-has-mb--s\">\n<div class=\"wp-block-cover ek-linked-block\"><img decoding=\"async\" width=\"500\" height=\"300\" class=\"wp-block-cover__image-background wp-image-121\" alt=\"\" src=\"https:\/\/okano-hiroshima.jp\/recruit\/wp-content\/uploads\/2023\/09\/\u540d\u79f0\u672a\u8a2d\u5b9a-500-\u00d7-400-px-500-\u00d7-300-px.png\" data-object-fit=\"cover\" srcset=\"https:\/\/okano-hiroshima.jp\/recruit\/wp-content\/uploads\/2023\/09\/\u540d\u79f0\u672a\u8a2d\u5b9a-500-\u00d7-400-px-500-\u00d7-300-px.png 500w, https:\/\/okano-hiroshima.jp\/recruit\/wp-content\/uploads\/2023\/09\/\u540d\u79f0\u672a\u8a2d\u5b9a-500-\u00d7-400-px-500-\u00d7-300-px-300x180.png 300w\" sizes=\"(max-width: 500px) 100vw, 500px\" \/><span aria-hidden=\"true\" class=\"wp-block-cover__background has-background-dim\"><\/span><div class=\"wp-block-cover__inner-container is-layout-constrained wp-block-cover-is-layout-constrained\">\n<p class=\"has-text-align-center has-medium-font-size\">\u5ca1\u91ce\u6cd5\u5f8b\u4e8b\u52d9\u6240<br>\u306e\u7279\u5fb4<\/p>\n\n\n\n<div class=\"swell-block-button is-style-more_btn\"><a href=\"https:\/\/okano-hiroshima.jp\/recruit\/about\/feature\/\" class=\"swell-block-button__link\"><span>MORE<\/span><\/a><\/div>\n<\/div><\/div>\n<\/div>\n\n\n\n<div class=\"swell-block-column swl-has-mb--s\">\n<div class=\"wp-block-cover is-light ek-linked-block\"><img decoding=\"async\" width=\"1024\" height=\"576\" class=\"wp-block-cover__image-background wp-image-34\" alt=\"\" src=\"https:\/\/okano-hiroshima.jp\/recruit\/wp-content\/uploads\/2023\/09\/IMG_0903_2-1024x576-1.jpeg\" style=\"object-position:51% 51%\" data-object-fit=\"cover\" data-object-position=\"51% 51%\" srcset=\"https:\/\/okano-hiroshima.jp\/recruit\/wp-content\/uploads\/2023\/09\/IMG_0903_2-1024x576-1.jpeg 1024w, https:\/\/okano-hiroshima.jp\/recruit\/wp-content\/uploads\/2023\/09\/IMG_0903_2-1024x576-1-300x169.jpeg 300w, https:\/\/okano-hiroshima.jp\/recruit\/wp-content\/uploads\/2023\/09\/IMG_0903_2-1024x576-1-768x432.jpeg 768w\" sizes=\"(max-width: 1024px) 100vw, 1024px\" \/><span aria-hidden=\"true\" class=\"wp-block-cover__background has-background-dim\"><\/span><div class=\"wp-block-cover__inner-container is-layout-constrained wp-block-cover-is-layout-constrained\">\n<p class=\"has-text-align-center has-white-color has-text-color has-medium-font-size\">\u5ca1\u91ce\u6cd5\u5f8b\u4e8b\u52d9\u6240<br>\u306e\u30d3\u30b8\u30e7\u30f3<\/p>\n\n\n\n<div class=\"swell-block-button is-style-more_btn\"><a href=\"https:\/\/okano-hiroshima.jp\/recruit\/about\/vision\/\" class=\"swell-block-button__link\"><span>MORE<\/span><\/a><\/div>\n<\/div><\/div>\n<\/div>\n\n\n\n<div class=\"swell-block-column swl-has-mb--s\">\n<div class=\"wp-block-cover is-light ek-linked-block\"><img decoding=\"async\" width=\"1600\" height=\"900\" class=\"wp-block-cover__image-background wp-image-96\" alt=\"\" src=\"https:\/\/okano-hiroshima.jp\/recruit\/wp-content\/uploads\/2023\/09\/\u5ca1\u91ce\u6cd5\u5f8b\u4e8b\u52d9\u6240\u306e\u6311\u6226-5.png\" style=\"object-position:22% 33%\" data-object-fit=\"cover\" data-object-position=\"22% 33%\" srcset=\"https:\/\/okano-hiroshima.jp\/recruit\/wp-content\/uploads\/2023\/09\/\u5ca1\u91ce\u6cd5\u5f8b\u4e8b\u52d9\u6240\u306e\u6311\u6226-5.png 1600w, https:\/\/okano-hiroshima.jp\/recruit\/wp-content\/uploads\/2023\/09\/\u5ca1\u91ce\u6cd5\u5f8b\u4e8b\u52d9\u6240\u306e\u6311\u6226-5-300x169.png 300w, https:\/\/okano-hiroshima.jp\/recruit\/wp-content\/uploads\/2023\/09\/\u5ca1\u91ce\u6cd5\u5f8b\u4e8b\u52d9\u6240\u306e\u6311\u6226-5-1024x576.png 1024w, https:\/\/okano-hiroshima.jp\/recruit\/wp-content\/uploads\/2023\/09\/\u5ca1\u91ce\u6cd5\u5f8b\u4e8b\u52d9\u6240\u306e\u6311\u6226-5-768x432.png 768w, https:\/\/okano-hiroshima.jp\/recruit\/wp-content\/uploads\/2023\/09\/\u5ca1\u91ce\u6cd5\u5f8b\u4e8b\u52d9\u6240\u306e\u6311\u6226-5-1536x864.png 1536w\" sizes=\"(max-width: 1600px) 100vw, 1600px\" \/><span aria-hidden=\"true\" class=\"wp-block-cover__background has-background-dim\"><\/span><div class=\"wp-block-cover__inner-container is-layout-constrained wp-block-cover-is-layout-constrained\">\n<p class=\"has-text-align-center has-white-color has-text-color has-large-font-size\">\u5168\u56fd\u306e\u672c\u652f\u5e97<\/p>\n\n\n\n<div class=\"swell-block-button is-style-more_btn\"><a href=\"https:\/\/okano-hiroshima.jp\/recruit\/about\/office\/\" class=\"swell-block-button__link\"><span>MORE<\/span><\/a><\/div>\n<\/div><\/div>\n<\/div>\n\n\n\n<div class=\"swell-block-column swl-has-mb--s\">\n<div class=\"wp-block-cover is-light ek-linked-block\"><img decoding=\"async\" width=\"600\" height=\"400\" class=\"wp-block-cover__image-background wp-image-126\" alt=\"\" src=\"https:\/\/okano-hiroshima.jp\/recruit\/wp-content\/uploads\/2023\/09\/\u540d\u79f0\u672a\u8a2d\u5b9a-500-\u00d7-400-px-500-\u00d7-300-px-600-\u00d7-300-px.png\" style=\"object-position:46% 49%\" data-object-fit=\"cover\" data-object-position=\"46% 49%\" srcset=\"https:\/\/okano-hiroshima.jp\/recruit\/wp-content\/uploads\/2023\/09\/\u540d\u79f0\u672a\u8a2d\u5b9a-500-\u00d7-400-px-500-\u00d7-300-px-600-\u00d7-300-px.png 600w, https:\/\/okano-hiroshima.jp\/recruit\/wp-content\/uploads\/2023\/09\/\u540d\u79f0\u672a\u8a2d\u5b9a-500-\u00d7-400-px-500-\u00d7-300-px-600-\u00d7-300-px-300x200.png 300w\" sizes=\"(max-width: 600px) 100vw, 600px\" \/><span aria-hidden=\"true\" class=\"wp-block-cover__background has-background-dim\"><\/span><div class=\"wp-block-cover__inner-container is-layout-constrained wp-block-cover-is-layout-constrained\">\n<p class=\"has-text-align-center has-white-color has-text-color has-large-font-size\">\u50cd\u304f\u74b0\u5883<\/p>\n\n\n\n<div class=\"swell-block-button is-style-more_btn\"><a href=\"https:\/\/okano-hiroshima.jp\/recruit\/about\/work\/\" class=\"swell-block-button__link\"><span>MORE<\/span><\/a><\/div>\n<\/div><\/div>\n<\/div>\n\n\n\n<div class=\"swell-block-column swl-has-mb--s\">\n<div class=\"wp-block-cover is-light ek-linked-block\"><img decoding=\"async\" width=\"500\" height=\"300\" class=\"wp-block-cover__image-background wp-image-122\" alt=\"\" src=\"https:\/\/okano-hiroshima.jp\/recruit\/wp-content\/uploads\/2023\/09\/\u540d\u79f0\u672a\u8a2d\u5b9a-500-\u00d7-400-px-500-\u00d7-300-px-1.png\" style=\"object-position:57% 56%\" data-object-fit=\"cover\" data-object-position=\"57% 56%\" srcset=\"https:\/\/okano-hiroshima.jp\/recruit\/wp-content\/uploads\/2023\/09\/\u540d\u79f0\u672a\u8a2d\u5b9a-500-\u00d7-400-px-500-\u00d7-300-px-1.png 500w, https:\/\/okano-hiroshima.jp\/recruit\/wp-content\/uploads\/2023\/09\/\u540d\u79f0\u672a\u8a2d\u5b9a-500-\u00d7-400-px-500-\u00d7-300-px-1-300x180.png 300w\" sizes=\"(max-width: 500px) 100vw, 500px\" \/><span aria-hidden=\"true\" class=\"wp-block-cover__background has-background-dim\"><\/span><div class=\"wp-block-cover__inner-container is-layout-constrained wp-block-cover-is-layout-constrained\">\n<p class=\"has-text-align-center has-white-color has-text-color has-medium-font-size\">\u6570\u5b57\u3067\u898b\u308b<br>\u5ca1\u91ce\u6cd5\u5f8b\u4e8b\u52d9\u6240<\/p>\n\n\n\n<div class=\"swell-block-button is-style-more_btn\"><a href=\"https:\/\/okano-hiroshima.jp\/recruit\/about\/data\" class=\"swell-block-button__link\"><span>MORE<\/span><\/a><\/div>\n<\/div><\/div>\n<\/div>\n\n\n\n<div class=\"swell-block-column swl-has-mb--s\">\n<div class=\"wp-block-cover is-light ek-linked-block\"><img decoding=\"async\" width=\"500\" height=\"300\" class=\"wp-block-cover__image-background wp-image-92\" alt=\"\" src=\"https:\/\/okano-hiroshima.jp\/recruit\/wp-content\/uploads\/2023\/09\/1.png\" data-object-fit=\"cover\" srcset=\"https:\/\/okano-hiroshima.jp\/recruit\/wp-content\/uploads\/2023\/09\/1.png 500w, https:\/\/okano-hiroshima.jp\/recruit\/wp-content\/uploads\/2023\/09\/1-300x180.png 300w\" sizes=\"(max-width: 500px) 100vw, 500px\" \/><span aria-hidden=\"true\" class=\"wp-block-cover__background has-background-dim\"><\/span><div class=\"wp-block-cover__inner-container is-layout-constrained wp-block-cover-is-layout-constrained\">\n<p class=\"has-text-align-center has-white-color has-text-color has-medium-font-size\">\u793e\u4f1a\u8ca2\u732e\u6d3b\u52d5<br>\u306b\u3064\u3044\u3066<\/p>\n\n\n\n<div class=\"swell-block-button is-style-more_btn\"><a href=\"https:\/\/okano-hiroshima.jp\/recruit\/about\/csr\/\" class=\"swell-block-button__link\"><span>MORE<\/span><\/a><\/div>\n<\/div><\/div>\n<\/div>\n<\/div><\/div>\n","protected":false},"excerpt":{"rendered":"","protected":false},"author":2,"featured_media":0,"parent":0,"menu_order":0,"comment_status":"closed","ping_status":"closed","template":"","meta":{"swell_btn_cv_data":"","footnotes":""},"class_list":["post-14","page","type-page","status-publish","hentry"],"_links":{"self":[{"href":"https:\/\/okano-hiroshima.jp\/recruit\/wp-json\/wp\/v2\/pages\/14","targetHints":{"allow":["GET"]}}],"collection":[{"href":"https:\/\/okano-hiroshima.jp\/recruit\/wp-json\/wp\/v2\/pages"}],"about":[{"href":"https:\/\/okano-hiroshima.jp\/recruit\/wp-json\/wp\/v2\/types\/page"}],"author":[{"embeddable":true,"href":"https:\/\/okano-hiroshima.jp\/recruit\/wp-json\/wp\/v2\/users\/2"}],"replies":[{"embeddable":true,"href":"https:\/\/okano-hiroshima.jp\/recruit\/wp-json\/wp\/v2\/comments?post=14"}],"version-history":[{"count":25,"href":"https:\/\/okano-hiroshima.jp\/recruit\/wp-json\/wp\/v2\/pages\/14\/revisions"}],"predecessor-version":[{"id":1586,"href":"https:\/\/okano-hiroshima.jp\/recruit\/wp-json\/wp\/v2\/pages\/14\/revisions\/1586"}],"wp:attachment":[{"href":"https:\/\/okano-hiroshima.jp\/recruit\/wp-json\/wp\/v2\/media?parent=14"}],"curies":[{"name":"wp","href":"https:\/\/api.w.org\/{rel}","templated":true}]}}